{"id":1677,"date":"2020-02-27T13:51:58","date_gmt":"2020-02-27T13:51:58","guid":{"rendered":"https:\/\/www.triglavtrailrun.com\/privacy-center\/"},"modified":"2020-12-02T07:46:50","modified_gmt":"2020-12-02T07:46:50","slug":"politika-zasebnosti","status":"publish","type":"page","link":"https:\/\/www.triglavtrailrun.com\/sl\/politika-zasebnosti\/","title":{"rendered":"Politika zasebnosti"},"content":{"rendered":"\n<div class=\"wordpress-gdpr-privacy-center\"><div class=\"wordpress-gdpr-privacy-center-items\"><a href=\"https:\/\/www.triglavtrailrun.com\/privacy-center\/dpo-contact\/\" class=\"wordpress-gdpr-privacy-center-item\"><div class=\"wordpress-gdpr-privacy-center-item-contactDPO\"><i class=\"fa fa-user-circle-o\"><\/i><h2 class=\"wordpress-gdpr-privacy-center-item-headline\">DPO Kontakt<\/h2><p class=\"wordpress-gdpr-privacy-center-item-desc\">Kontaktirajte osebo zadol\u017eeno za va\u0161e podatke.<\/p><div class=\"wordpress-gdpr-privacy-center-item-action\">Preberi ve\u010d<\/div><\/div><\/a><a href=\"https:\/\/www.triglavtrailrun.com\/privacy-center\/cookies\/\" class=\"wordpress-gdpr-privacy-center-item\"><div class=\"wordpress-gdpr-privacy-center-item-cookiePolicy\"><i class=\"fa  fa-list-alt\"><\/i><h2 class=\"wordpress-gdpr-privacy-center-item-headline\">Pi\u0161kotki<\/h2><p class=\"wordpress-gdpr-privacy-center-item-desc\">Preberite ve\u010d o pi\u0161kotkih, ki jih uporabljamo.<\/p><div class=\"wordpress-gdpr-privacy-center-item-action\">Preberi ve\u010d<\/div><\/div><\/a><a href=\"https:\/\/www.triglavtrailrun.com\/privacy-center\/forget-me\/\" class=\"wordpress-gdpr-privacy-center-item wordpress-gdpr-privacy-center-item-last\"><div class=\"wordpress-gdpr-privacy-center-item-forgetMe\"><i class=\"fa fa-eraser\"><\/i><h2 class=\"wordpress-gdpr-privacy-center-item-headline\">Izbris mojih podatkov<\/h2><p class=\"wordpress-gdpr-privacy-center-item-desc\">Po\u0161ljite zahtevek za izbris va\u0161ih osebnih podatkov.<\/p><div class=\"wordpress-gdpr-privacy-center-item-action\">Preberi ve\u010d<\/div><\/div><\/a><a href=\"https:\/\/www.triglavtrailrun.com\/privacy-policy\/\" class=\"wordpress-gdpr-privacy-center-item\"><div class=\"wordpress-gdpr-privacy-center-item-privacyPolicy\"><i class=\"fa fa-file-text\"><\/i><h2 class=\"wordpress-gdpr-privacy-center-item-headline\">Politika zasebnosti<\/h2><p class=\"wordpress-gdpr-privacy-center-item-desc\">Pravilnik zasebnosti na na\u0161i spletni strani.<\/p><div class=\"wordpress-gdpr-privacy-center-item-action\">Preberi ve\u010d<\/div><\/div><\/a><a href=\"#\" class=\"wordpress-gdpr-privacy-center-item wordpress-gdpr-open-privacy-settings-modal\"><div class=\"wordpress-gdpr-privacy-center-item-privacySettings\"><i class=\"fa fa-user-secret\"><\/i><h2 class=\"wordpress-gdpr-privacy-center-item-headline\">Nastavitve zasebnosti<\/h2><p class=\"wordpress-gdpr-privacy-center-item-desc\">Tukaj konfigurirajte svoje osebne nastavitve zasebnosti.<\/p><div class=\"wordpress-gdpr-privacy-center-item-action\">Preberi ve\u010d<\/div><\/div><\/a><\/div><\/div>\n","protected":false},"excerpt":{"rendered":"DPO KontaktKontaktirajte osebo zadol\u017eeno za va\u0161e podatke.Preberi ve\u010dPi\u0161kotkiPreberite ve\u010d o pi\u0161kotkih, ki jih uporabljamo.Preberi ve\u010dIzbris mojih podatkovPo\u0161ljite zahtevek za izbris","protected":false},"author":1,"featured_media":0,"parent":0,"menu_order":0,"comment_status":"closed","ping_status":"closed","template":"","meta":{"_editorskit_title_hidden":false,"_editorskit_reading_time":1,"_editorskit_is_block_options_detached":false,"_editorskit_block_options_position":"{}","footnotes":""},"class_list":["post-1677","page","type-page","status-publish","hentry"],"yoast_head":"<!-- This site is optimized with the Yoast SEO plugin v27.2 - https:\/\/yoast.com\/product\/yoast-seo-wordpress\/ -->\n<title>Politika zasebnosti - Triglavtrailrun.com<\/title>\n<meta name=\"robots\" content=\"index, follow, max-snippet:-1, max-image-preview:large, max-video-preview:-1\" \/>\n<link rel=\"canonical\" href=\"https:\/\/www.triglavtrailrun.com\/sl\/politika-zasebnosti\/\" \/>\n<meta property=\"og:locale\" content=\"sl_SI\" \/>\n<meta property=\"og:type\" content=\"article\" \/>\n<meta property=\"og:title\" content=\"Politika zasebnosti - Triglavtrailrun.com\" \/>\n<meta property=\"og:url\" content=\"https:\/\/www.triglavtrailrun.com\/sl\/politika-zasebnosti\/\" \/>\n<meta property=\"og:site_name\" content=\"Triglavtrailrun.com\" \/>\n<meta property=\"article:modified_time\" content=\"2020-12-02T07:46:50+00:00\" \/>\n<meta name=\"twitter:card\" content=\"summary_large_image\" \/>\n<script type=\"application\/ld+json\" class=\"yoast-schema-graph\">{\"@context\":\"https:\/\/schema.org\",\"@graph\":[{\"@type\":\"WebPage\",\"@id\":\"https:\/\/www.triglavtrailrun.com\/sl\/politika-zasebnosti\/\",\"url\":\"https:\/\/www.triglavtrailrun.com\/sl\/politika-zasebnosti\/\",\"name\":\"Politika zasebnosti - Triglavtrailrun.com\",\"isPartOf\":{\"@id\":\"https:\/\/www.triglavtrailrun.com\/sl\/#website\"},\"datePublished\":\"2020-02-27T13:51:58+00:00\",\"dateModified\":\"2020-12-02T07:46:50+00:00\",\"breadcrumb\":{\"@id\":\"https:\/\/www.triglavtrailrun.com\/sl\/politika-zasebnosti\/#breadcrumb\"},\"inLanguage\":\"sl-SI\",\"potentialAction\":[{\"@type\":\"ReadAction\",\"target\":[\"https:\/\/www.triglavtrailrun.com\/sl\/politika-zasebnosti\/\"]}]},{\"@type\":\"BreadcrumbList\",\"@id\":\"https:\/\/www.triglavtrailrun.com\/sl\/politika-zasebnosti\/#breadcrumb\",\"itemListElement\":[{\"@type\":\"ListItem\",\"position\":1,\"name\":\"Home\",\"item\":\"https:\/\/www.triglavtrailrun.com\/sl\/\"},{\"@type\":\"ListItem\",\"position\":2,\"name\":\"Politika zasebnosti\"}]},{\"@type\":\"WebSite\",\"@id\":\"https:\/\/www.triglavtrailrun.com\/sl\/#website\",\"url\":\"https:\/\/www.triglavtrailrun.com\/sl\/\",\"name\":\"Triglavtrailrun.com\",\"description\":\"Triglav Trail Run is a unique running experience, a real adventure high in the mountains. It\u2019s a mountain running and mountaineering festival in Slovenia.\",\"publisher\":{\"@id\":\"https:\/\/www.triglavtrailrun.com\/sl\/#organization\"},\"potentialAction\":[{\"@type\":\"SearchAction\",\"target\":{\"@type\":\"EntryPoint\",\"urlTemplate\":\"https:\/\/www.triglavtrailrun.com\/sl\/?s={search_term_string}\"},\"query-input\":{\"@type\":\"PropertyValueSpecification\",\"valueRequired\":true,\"valueName\":\"search_term_string\"}}],\"inLanguage\":\"sl-SI\"},{\"@type\":\"Organization\",\"@id\":\"https:\/\/www.triglavtrailrun.com\/sl\/#organization\",\"name\":\"Triglav Trail Run\",\"url\":\"https:\/\/www.triglavtrailrun.com\/sl\/\",\"logo\":{\"@type\":\"ImageObject\",\"inLanguage\":\"sl-SI\",\"@id\":\"https:\/\/www.triglavtrailrun.com\/sl\/#\/schema\/logo\/image\/\",\"url\":\"https:\/\/www.triglavtrailrun.com\/wp-content\/uploads\/2020\/11\/triglav_run_festival.png\",\"contentUrl\":\"https:\/\/www.triglavtrailrun.com\/wp-content\/uploads\/2020\/11\/triglav_run_festival.png\",\"width\":500,\"height\":500,\"caption\":\"Triglav Trail Run\"},\"image\":{\"@id\":\"https:\/\/www.triglavtrailrun.com\/sl\/#\/schema\/logo\/image\/\"}}]}<\/script>\n<!-- \/ Yoast SEO plugin. -->","yoast_head_json":{"title":"Politika zasebnosti - Triglavtrailrun.com","robots":{"index":"index","follow":"follow","max-snippet":"max-snippet:-1","max-image-preview":"max-image-preview:large","max-video-preview":"max-video-preview:-1"},"canonical":"https:\/\/www.triglavtrailrun.com\/sl\/politika-zasebnosti\/","og_locale":"sl_SI","og_type":"article","og_title":"Politika zasebnosti - Triglavtrailrun.com","og_url":"https:\/\/www.triglavtrailrun.com\/sl\/politika-zasebnosti\/","og_site_name":"Triglavtrailrun.com","article_modified_time":"2020-12-02T07:46:50+00:00","twitter_card":"summary_large_image","schema":{"@context":"https:\/\/schema.org","@graph":[{"@type":"WebPage","@id":"https:\/\/www.triglavtrailrun.com\/sl\/politika-zasebnosti\/","url":"https:\/\/www.triglavtrailrun.com\/sl\/politika-zasebnosti\/","name":"Politika zasebnosti - Triglavtrailrun.com","isPartOf":{"@id":"https:\/\/www.triglavtrailrun.com\/sl\/#website"},"datePublished":"2020-02-27T13:51:58+00:00","dateModified":"2020-12-02T07:46:50+00:00","breadcrumb":{"@id":"https:\/\/www.triglavtrailrun.com\/sl\/politika-zasebnosti\/#breadcrumb"},"inLanguage":"sl-SI","potentialAction":[{"@type":"ReadAction","target":["https:\/\/www.triglavtrailrun.com\/sl\/politika-zasebnosti\/"]}]},{"@type":"BreadcrumbList","@id":"https:\/\/www.triglavtrailrun.com\/sl\/politika-zasebnosti\/#breadcrumb","itemListElement":[{"@type":"ListItem","position":1,"name":"Home","item":"https:\/\/www.triglavtrailrun.com\/sl\/"},{"@type":"ListItem","position":2,"name":"Politika zasebnosti"}]},{"@type":"WebSite","@id":"https:\/\/www.triglavtrailrun.com\/sl\/#website","url":"https:\/\/www.triglavtrailrun.com\/sl\/","name":"Triglavtrailrun.com","description":"Triglav Trail Run is a unique running experience, a real adventure high in the mountains. It\u2019s a mountain running and mountaineering festival in Slovenia.","publisher":{"@id":"https:\/\/www.triglavtrailrun.com\/sl\/#organization"},"potentialAction":[{"@type":"SearchAction","target":{"@type":"EntryPoint","urlTemplate":"https:\/\/www.triglavtrailrun.com\/sl\/?s={search_term_string}"},"query-input":{"@type":"PropertyValueSpecification","valueRequired":true,"valueName":"search_term_string"}}],"inLanguage":"sl-SI"},{"@type":"Organization","@id":"https:\/\/www.triglavtrailrun.com\/sl\/#organization","name":"Triglav Trail Run","url":"https:\/\/www.triglavtrailrun.com\/sl\/","logo":{"@type":"ImageObject","inLanguage":"sl-SI","@id":"https:\/\/www.triglavtrailrun.com\/sl\/#\/schema\/logo\/image\/","url":"https:\/\/www.triglavtrailrun.com\/wp-content\/uploads\/2020\/11\/triglav_run_festival.png","contentUrl":"https:\/\/www.triglavtrailrun.com\/wp-content\/uploads\/2020\/11\/triglav_run_festival.png","width":500,"height":500,"caption":"Triglav Trail Run"},"image":{"@id":"https:\/\/www.triglavtrailrun.com\/sl\/#\/schema\/logo\/image\/"}}]}},"_links":{"self":[{"href":"https:\/\/www.triglavtrailrun.com\/sl\/wp-json\/wp\/v2\/pages\/1677","targetHints":{"allow":["GET"]}}],"collection":[{"href":"https:\/\/www.triglavtrailrun.com\/sl\/wp-json\/wp\/v2\/pages"}],"about":[{"href":"https:\/\/www.triglavtrailrun.com\/sl\/wp-json\/wp\/v2\/types\/page"}],"author":[{"embeddable":true,"href":"https:\/\/www.triglavtrailrun.com\/sl\/wp-json\/wp\/v2\/users\/1"}],"replies":[{"embeddable":true,"href":"https:\/\/www.triglavtrailrun.com\/sl\/wp-json\/wp\/v2\/comments?post=1677"}],"version-history":[{"count":0,"href":"https:\/\/www.triglavtrailrun.com\/sl\/wp-json\/wp\/v2\/pages\/1677\/revisions"}],"wp:attachment":[{"href":"https:\/\/www.triglavtrailrun.com\/sl\/wp-json\/wp\/v2\/media?parent=1677"}],"curies":[{"name":"wp","href":"https:\/\/api.w.org\/{rel}","templated":true}]}}